{"id":807,"date":"2025-10-31T10:17:22","date_gmt":"2025-10-31T09:17:22","guid":{"rendered":"https:\/\/agvseries.com\/blog\/"},"modified":"2025-11-20T13:23:23","modified_gmt":"2025-11-20T12:23:23","slug":"blog","status":"publish","type":"page","link":"https:\/\/agvseries.com\/fr\/blog\/","title":{"rendered":"Blog"},"content":{"rendered":"\t\t<div data-elementor-type=\"wp-post\" data-elementor-id=\"807\" class=\"elementor elementor-807 elementor-497\" data-elementor-post-type=\"page\">\n\t\t\t\t<div class=\"elementor-element elementor-element-9ea7f6d e-flex e-con-boxed e-con e-parent\" data-id=\"9ea7f6d\" data-element_type=\"container\" data-settings=\"{&quot;background_background&quot;:&quot;classic&quot;}\">\n\t\t\t\t\t<div class=\"e-con-inner\">\n\t\t\t\t<div class=\"elementor-element elementor-element-c2365b4 elementor-align-left elementor-hidden-mobile elementor-widget elementor-widget-breadcrumbs\" data-id=\"c2365b4\" data-element_type=\"widget\" data-widget_type=\"breadcrumbs.default\">\n\t\t\t\t\t<p id=\"breadcrumbs\"><span><span><a href=\"https:\/\/agvseries.com\/fr\/accueil\/\">Homepage<\/a><\/span><\/span><\/p>\t\t\t\t<\/div>\n\t\t\t\t\t<\/div>\n\t\t\t\t<\/div>\n\t\t<div class=\"elementor-element elementor-element-3c656a1 e-flex e-con-boxed e-con e-parent\" data-id=\"3c656a1\" data-element_type=\"container\" data-settings=\"{&quot;background_background&quot;:&quot;classic&quot;}\">\n\t\t\t\t\t<div class=\"e-con-inner\">\n\t\t\t\t<div class=\"elementor-element elementor-element-fde917d elementor-grid-3 elementor-grid-tablet-2 elementor-grid-mobile-1 elementor-widget elementor-widget-loop-grid\" data-id=\"fde917d\" data-element_type=\"widget\" data-settings=\"{&quot;template_id&quot;:684,&quot;_skin&quot;:&quot;post&quot;,&quot;columns&quot;:&quot;3&quot;,&quot;columns_tablet&quot;:&quot;2&quot;,&quot;columns_mobile&quot;:&quot;1&quot;,&quot;edit_handle_selector&quot;:&quot;[data-elementor-type=\\&quot;loop-item\\&quot;]&quot;,&quot;row_gap&quot;:{&quot;unit&quot;:&quot;px&quot;,&quot;size&quot;:&quot;&quot;,&quot;sizes&quot;:[]},&quot;row_gap_tablet&quot;:{&quot;unit&quot;:&quot;px&quot;,&quot;size&quot;:&quot;&quot;,&quot;sizes&quot;:[]},&quot;row_gap_mobile&quot;:{&quot;unit&quot;:&quot;px&quot;,&quot;size&quot;:&quot;&quot;,&quot;sizes&quot;:[]}}\" data-widget_type=\"loop-grid.post\">\n\t\t\t\t<div class=\"elementor-widget-container\">\n\t\t\t\t\t\t\t<div class=\"e-loop-nothing-found-message\">\n\t\t<\/div>\n\t\t\t\t\t\t<\/div>\n\t\t\t\t<\/div>\n\t\t\t\t\t<\/div>\n\t\t\t\t<\/div>\n\t\t<div class=\"elementor-element elementor-element-1ec90a1 e-flex e-con-boxed e-con e-parent\" data-id=\"1ec90a1\" data-element_type=\"container\" data-settings=\"{&quot;background_background&quot;:&quot;classic&quot;}\">\n\t\t\t\t\t<div class=\"e-con-inner\">\n\t\t\t\t<div class=\"elementor-element elementor-element-fc6f424 elementor-invisible elementor-widget elementor-widget-image\" data-id=\"fc6f424\" data-element_type=\"widget\" data-settings=\"{&quot;_animation&quot;:&quot;fadeInUp&quot;}\" data-widget_type=\"image.default\">\n\t\t\t\t\t\t\t\t\t\t\t\t\t\t\t<img fetchpriority=\"high\" decoding=\"async\" width=\"512\" height=\"512\" src=\"https:\/\/agvseries.com\/wp-content\/uploads\/2025\/10\/sello_agv_logo_tansparante_1.webp\" class=\"attachment-large size-large wp-image-712\" alt=\"Logotipo AGV&#039;s Series\" srcset=\"https:\/\/agvseries.com\/wp-content\/uploads\/2025\/10\/sello_agv_logo_tansparante_1.webp 512w, https:\/\/agvseries.com\/wp-content\/uploads\/2025\/10\/sello_agv_logo_tansparante_1-300x300.webp 300w, https:\/\/agvseries.com\/wp-content\/uploads\/2025\/10\/sello_agv_logo_tansparante_1-150x150.webp 150w\" sizes=\"(max-width: 512px) 100vw, 512px\" \/>\t\t\t\t\t\t\t\t\t\t\t\t\t\t\t<\/div>\n\t\t\t\t<div class=\"elementor-element elementor-element-f482762 elementor-widget__width-initial elementor-invisible elementor-widget elementor-widget-text-editor\" data-id=\"f482762\" data-element_type=\"widget\" data-settings=\"{&quot;_animation&quot;:&quot;fadeInUp&quot;}\" data-widget_type=\"text-editor.default\">\n\t\t\t\t\t\t\t\t\t<p>Ainsi, les marques <strong>Back to Basic, Microgiraltin, Incoral, Conesland et Versicrom font d\u00e9sormais partie de notre catalogue.<\/strong><\/p><p>Notre mission est d\u2019honorer cette histoire, en alliant tradition et exp\u00e9rience \u00e0 notre propre vision de l\u2019avenir, de l\u2019innovation et de l\u2019excellence dans le service client.<\/p>\t\t\t\t\t\t\t\t<\/div>\n\t\t\t\t\t<\/div>\n\t\t\t\t<\/div>\n\t\t<div class=\"elementor-element elementor-element-35f9faf e-flex e-con-boxed e-con e-parent\" data-id=\"35f9faf\" data-element_type=\"container\" data-settings=\"{&quot;background_background&quot;:&quot;classic&quot;}\">\n\t\t\t\t\t<div class=\"e-con-inner\">\n\t\t<div class=\"elementor-element elementor-element-310288c e-con-full e-flex e-con e-child\" data-id=\"310288c\" data-element_type=\"container\">\n\t\t<div class=\"elementor-element elementor-element-8df444f e-con-full e-flex e-con e-child\" data-id=\"8df444f\" data-element_type=\"container\">\n\t\t\t\t<div class=\"elementor-element elementor-element-f91a356 elementor-invisible elementor-widget elementor-widget-heading\" data-id=\"f91a356\" data-element_type=\"widget\" data-settings=\"{&quot;_animation&quot;:&quot;fadeInUp&quot;}\" data-widget_type=\"heading.default\">\n\t\t\t\t\t<h3 class=\"elementor-heading-title elementor-size-default\">Plus d\u2019informations sur G&amp;C Colors<\/h3>\t\t\t\t<\/div>\n\t\t\t\t<div class=\"elementor-element elementor-element-03e8337 elementor-invisible elementor-widget elementor-widget-text-editor\" data-id=\"03e8337\" data-element_type=\"widget\" data-settings=\"{&quot;_animation&quot;:&quot;fadeInUp&quot;}\" data-widget_type=\"text-editor.default\">\n\t\t\t\t\t\t\t\t\t<p><strong>Depuis notre cr\u00e9ation en 2000, G&amp;C Colors s\u2019est distingu\u00e9e comme une entreprise espagnole leader dans la production et la commercialisation de pigments inorganiques et organiques de haute qualit\u00e9.<\/strong><\/p><p>Nous avons \u00e9tabli de nouvelles normes d\u2019efficacit\u00e9 et de performance dans divers secteurs industriels, proposant une large gamme de pigments sous la marque ChromaFer, avec des oxydes de fer et des oxydes de chrome verts occupant une place d\u2019honneur.<\/p>\t\t\t\t\t\t\t\t<\/div>\n\t\t\t\t<div class=\"elementor-element elementor-element-fb85fc1 elementor-mobile-align-justify elementor-invisible elementor-widget elementor-widget-button\" data-id=\"fb85fc1\" data-element_type=\"widget\" data-settings=\"{&quot;_animation&quot;:&quot;fadeInUp&quot;}\" data-widget_type=\"button.default\">\n\t\t\t\t\t\t\t\t\t\t<a class=\"elementor-button elementor-button-link elementor-size-sm\" href=\"#\">\n\t\t\t\t\t\t<span class=\"elementor-button-content-wrapper\">\n\t\t\t\t\t\t\t\t\t<span class=\"elementor-button-text\">En savoir plus<\/span>\n\t\t\t\t\t<\/span>\n\t\t\t\t\t<\/a>\n\t\t\t\t\t\t\t\t<\/div>\n\t\t\t\t<\/div>\n\t\t<div class=\"elementor-element elementor-element-6276ebd e-con-full e-flex e-con e-child\" data-id=\"6276ebd\" data-element_type=\"container\">\n\t\t\t\t<div class=\"elementor-element elementor-element-e9528b7 elementor-invisible elementor-widget elementor-widget-video\" data-id=\"e9528b7\" data-element_type=\"widget\" data-settings=\"{&quot;youtube_url&quot;:&quot;https:\\\/\\\/youtu.be\\\/BeZkQyBUAug&quot;,&quot;_animation&quot;:&quot;fadeIn&quot;,&quot;video_type&quot;:&quot;youtube&quot;,&quot;controls&quot;:&quot;yes&quot;}\" data-widget_type=\"video.default\">\n\t\t\t\t\t\t\t<div class=\"elementor-wrapper elementor-open-inline\">\n\t\t\t<div class=\"elementor-video\"><\/div>\t\t<\/div>\n\t\t\t\t\t\t<\/div>\n\t\t\t\t<\/div>\n\t\t\t\t<\/div>\n\t\t\t\t\t<\/div>\n\t\t\t\t<\/div>\n\t\t<div class=\"elementor-element elementor-element-1615c34 e-flex e-con-boxed e-con e-parent\" data-id=\"1615c34\" data-element_type=\"container\" data-settings=\"{&quot;background_background&quot;:&quot;classic&quot;}\">\n\t\t\t\t\t<div class=\"e-con-inner\">\n\t\t<div class=\"elementor-element elementor-element-64d8cce e-con-full e-flex elementor-invisible e-con e-child\" data-id=\"64d8cce\" data-element_type=\"container\" data-settings=\"{&quot;background_background&quot;:&quot;classic&quot;,&quot;animation&quot;:&quot;fadeIn&quot;}\">\n\t\t\t\t<div class=\"elementor-element elementor-element-c24e3b5 elementor-invisible elementor-widget elementor-widget-heading\" data-id=\"c24e3b5\" data-element_type=\"widget\" data-settings=\"{&quot;_animation&quot;:&quot;fadeInUp&quot;}\" data-widget_type=\"heading.default\">\n\t\t\t\t\t<h2 class=\"elementor-heading-title elementor-size-default\">Nous serons ravis de vous aider<\/h2>\t\t\t\t<\/div>\n\t\t\t\t<div class=\"elementor-element elementor-element-701995a elementor-invisible elementor-widget elementor-widget-heading\" data-id=\"701995a\" data-element_type=\"widget\" data-settings=\"{&quot;_animation&quot;:&quot;fadeInUp&quot;}\" data-widget_type=\"heading.default\">\n\t\t\t\t\t<h2 class=\"elementor-heading-title elementor-size-default\">Contactez-nous<\/h2>\t\t\t\t<\/div>\n\t\t\t\t<div class=\"elementor-element elementor-element-d007ccd elementor-invisible elementor-widget elementor-widget-text-editor\" data-id=\"d007ccd\" data-element_type=\"widget\" data-settings=\"{&quot;_animation&quot;:&quot;fadeInUp&quot;}\" data-widget_type=\"text-editor.default\">\n\t\t\t\t\t\t\t\t\t<p>Remplissez le formulaire suivant et nous vous contacterons dans les plus brefs d\u00e9lais, ou si vous pr\u00e9f\u00e9rez, appelez-nous par <span style=\"text-decoration: underline; color: #024def;\"><a style=\"color: #024def; text-decoration: underline;\" href=\"tel:+34968694899\">t\u00e9l\u00e9phone<\/a><\/span> et nous serons ravis de vous aider.<\/p>\t\t\t\t\t\t\t\t<\/div>\n\t\t\t\t<div class=\"elementor-element elementor-element-2331e89 elementor-button-align-end elementor-invisible elementor-widget elementor-widget-form\" data-id=\"2331e89\" data-element_type=\"widget\" data-settings=\"{&quot;step_next_label&quot;:&quot;SUIVANT&quot;,&quot;step_previous_label&quot;:&quot;PR\\u00c9C\\u00c9DENT&quot;,&quot;_animation&quot;:&quot;fadeIn&quot;,&quot;button_width&quot;:&quot;100&quot;,&quot;step_type&quot;:&quot;number_text&quot;,&quot;step_icon_shape&quot;:&quot;circle&quot;}\" data-widget_type=\"form.default\">\n\t\t\t\t\t\t\t<form class=\"elementor-form\" method=\"post\" name=\"Formulaire AGV\" aria-label=\"Formulaire AGV\">\n\t\t\t<input type=\"hidden\" name=\"post_id\" value=\"807\"\/>\n\t\t\t<input type=\"hidden\" name=\"form_id\" value=\"2331e89\"\/>\n\t\t\t<input type=\"hidden\" name=\"referer_title\" value=\"AGV Series\" \/>\n\n\t\t\t\n\t\t\t<div class=\"elementor-form-fields-wrapper elementor-labels-above\">\n\t\t\t\t\t\t\t\t<div class=\"elementor-field-type-text elementor-field-group elementor-column elementor-field-group-name elementor-col-100 elementor-field-required elementor-mark-required\">\n\t\t\t\t\t\t\t\t\t\t\t\t<label for=\"form-field-name\" class=\"elementor-field-label\">\n\t\t\t\t\t\t\t\tEntreprise\t\t\t\t\t\t\t<\/label>\n\t\t\t\t\t\t\t\t\t\t\t\t\t\t<input size=\"1\" type=\"text\" name=\"form_fields[name]\" id=\"form-field-name\" class=\"elementor-field elementor-size-md  elementor-field-textual\" placeholder=\"Nom de l\u2019entreprise\" required=\"required\">\n\t\t\t\t\t\t\t\t\t\t\t<\/div>\n\t\t\t\t\t\t\t\t<div class=\"elementor-field-type-number elementor-field-group elementor-column elementor-field-group-field_d7b05d1 elementor-col-100\">\n\t\t\t\t\t\t\t\t\t\t\t\t<label for=\"form-field-field_d7b05d1\" class=\"elementor-field-label\">\n\t\t\t\t\t\t\t\tCode postal\t\t\t\t\t\t\t<\/label>\n\t\t\t\t\t\t\t\t\t<input type=\"number\" name=\"form_fields[field_d7b05d1]\" id=\"form-field-field_d7b05d1\" class=\"elementor-field elementor-size-md  elementor-field-textual\" placeholder=\"Code postal\" min=\"\" max=\"\" >\n\t\t\t\t\t\t<\/div>\n\t\t\t\t\t\t\t\t<div class=\"elementor-field-type-text elementor-field-group elementor-column elementor-field-group-field_d8c7f2c elementor-col-100\">\n\t\t\t\t\t\t\t\t\t\t\t\t<label for=\"form-field-field_d8c7f2c\" class=\"elementor-field-label\">\n\t\t\t\t\t\t\t\tNom et pr\u00e9nom\t\t\t\t\t\t\t<\/label>\n\t\t\t\t\t\t\t\t\t\t\t\t\t\t<input size=\"1\" type=\"text\" name=\"form_fields[field_d8c7f2c]\" id=\"form-field-field_d8c7f2c\" class=\"elementor-field elementor-size-md  elementor-field-textual\" placeholder=\"Nom et pr\u00e9nom\">\n\t\t\t\t\t\t\t\t\t\t\t<\/div>\n\t\t\t\t\t\t\t\t<div class=\"elementor-field-type-text elementor-field-group elementor-column elementor-field-group-field_b65079f elementor-col-100\">\n\t\t\t\t\t\t\t\t\t\t\t\t<label for=\"form-field-field_b65079f\" class=\"elementor-field-label\">\n\t\t\t\t\t\t\t\tPays\t\t\t\t\t\t\t<\/label>\n\t\t\t\t\t\t\t\t\t\t\t\t\t\t<input size=\"1\" type=\"text\" name=\"form_fields[field_b65079f]\" id=\"form-field-field_b65079f\" class=\"elementor-field elementor-size-md  elementor-field-textual\" placeholder=\"Pays\">\n\t\t\t\t\t\t\t\t\t\t\t<\/div>\n\t\t\t\t\t\t\t\t<div class=\"elementor-field-type-email elementor-field-group elementor-column elementor-field-group-email elementor-col-100 elementor-field-required elementor-mark-required\">\n\t\t\t\t\t\t\t\t\t\t\t\t<label for=\"form-field-email\" class=\"elementor-field-label\">\n\t\t\t\t\t\t\t\tAdresse e-mail\t\t\t\t\t\t\t<\/label>\n\t\t\t\t\t\t\t\t\t\t\t\t\t\t<input size=\"1\" type=\"email\" name=\"form_fields[email]\" id=\"form-field-email\" class=\"elementor-field elementor-size-md  elementor-field-textual\" placeholder=\"Adresse e-mail valide\" required=\"required\">\n\t\t\t\t\t\t\t\t\t\t\t<\/div>\n\t\t\t\t\t\t\t\t<div class=\"elementor-field-type-tel elementor-field-group elementor-column elementor-field-group-field_513310b elementor-col-100 elementor-field-required elementor-mark-required\">\n\t\t\t\t\t\t\t\t\t\t\t\t<label for=\"form-field-field_513310b\" class=\"elementor-field-label\">\n\t\t\t\t\t\t\t\tT\u00e9l\u00e9phone\t\t\t\t\t\t\t<\/label>\n\t\t\t\t\t\t\t\t<input size=\"1\" type=\"tel\" name=\"form_fields[field_513310b]\" id=\"form-field-field_513310b\" class=\"elementor-field elementor-size-md  elementor-field-textual\" placeholder=\"Num\u00e9ro de t\u00e9l\u00e9phone valide\" required=\"required\" pattern=\"[0-9()#&amp;+*-=.]+\" title=\"Seuls les caract\u00e8res de num\u00e9ros de t\u00e9l\u00e9phone (#, -, *, etc.) sont accept\u00e9s.\">\n\n\t\t\t\t\t\t<\/div>\n\t\t\t\t\t\t\t\t<div class=\"elementor-field-type-textarea elementor-field-group elementor-column elementor-field-group-message elementor-col-100\">\n\t\t\t\t\t\t\t\t\t\t\t\t<label for=\"form-field-message\" class=\"elementor-field-label\">\n\t\t\t\t\t\t\t\tMessage\t\t\t\t\t\t\t<\/label>\n\t\t\t\t\t\t<textarea class=\"elementor-field-textual elementor-field  elementor-size-md\" name=\"form_fields[message]\" id=\"form-field-message\" rows=\"4\" placeholder=\"De quoi avez-vous besoin\u2026\"><\/textarea>\t\t\t\t<\/div>\n\t\t\t\t\t\t\t\t<div class=\"elementor-field-type-acceptance elementor-field-group elementor-column elementor-field-group-field_10ecca5 elementor-col-100 elementor-field-required elementor-mark-required\">\n\t\t\t\t\t\t\t<div class=\"elementor-field-subgroup\">\n\t\t\t<span class=\"elementor-field-option\">\n\t\t\t\t<input type=\"checkbox\" name=\"form_fields[field_10ecca5]\" id=\"form-field-field_10ecca5\" class=\"elementor-field elementor-size-md  elementor-acceptance-field\" required=\"required\">\n\t\t\t\t<label for=\"form-field-field_10ecca5\">J\u2019ai lu et j\u2019accepte la politique de confidentialit\u00e9.<\/label>\t\t\t<\/span>\n\t\t<\/div>\n\t\t\t\t\t\t<\/div>\n\t\t\t\t\t\t\t\t<div class=\"elementor-field-group elementor-column elementor-field-type-submit elementor-col-100 e-form__buttons\">\n\t\t\t\t\t<button class=\"elementor-button elementor-size-sm\" type=\"submit\">\n\t\t\t\t\t\t<span class=\"elementor-button-content-wrapper\">\n\t\t\t\t\t\t\t\t\t\t\t\t\t\t\t\t\t\t\t\t\t\t<span class=\"elementor-button-text\">ENVOYER<\/span>\n\t\t\t\t\t\t\t\t\t\t\t\t\t<\/span>\n\t\t\t\t\t<\/button>\n\t\t\t\t<\/div>\n\t\t\t<\/div>\n\t\t<\/form>\n\t\t\t\t\t\t<\/div>\n\t\t\t\t<\/div>\n\t\t\t\t\t<\/div>\n\t\t\t\t<\/div>\n\t\t\t\t<\/div>\n\t\t","protected":false},"excerpt":{"rendered":"<p>Ainsi, les marques Back to Basic, Microgiraltin, Incoral, Conesland et Versicrom font d\u00e9sormais partie de notre catalogue. Notre mission est d\u2019honorer cette histoire, en alliant tradition et exp\u00e9rience \u00e0 notre propre vision de l\u2019avenir, de l\u2019innovation et de l\u2019excellence dans le service client. Plus d\u2019informations sur G&amp;C Colors Depuis notre cr\u00e9ation en 2000, G&amp;C Colors [&hellip;]<\/p>\n","protected":false},"author":1,"featured_media":0,"parent":0,"menu_order":0,"comment_status":"closed","ping_status":"closed","template":"elementor_header_footer","meta":{"footnotes":""},"class_list":["post-807","page","type-page","status-publish","hentry"],"yoast_head":"<!-- This site is optimized with the Yoast SEO plugin v26.4 - https:\/\/yoast.com\/wordpress\/plugins\/seo\/ -->\n<title>Blog - AGV Series<\/title>\n<meta name=\"robots\" content=\"index, follow, max-snippet:-1, max-image-preview:large, max-video-preview:-1\" \/>\n<link rel=\"canonical\" href=\"https:\/\/agvseries.com\/fr\/blog\/\" \/>\n<meta property=\"og:locale\" content=\"fr_FR\" \/>\n<meta property=\"og:type\" content=\"article\" \/>\n<meta property=\"og:title\" content=\"Blog - AGV Series\" \/>\n<meta property=\"og:description\" content=\"Ainsi, les marques Back to Basic, Microgiraltin, Incoral, Conesland et Versicrom font d\u00e9sormais partie de notre catalogue. Notre mission est d\u2019honorer cette histoire, en alliant tradition et exp\u00e9rience \u00e0 notre propre vision de l\u2019avenir, de l\u2019innovation et de l\u2019excellence dans le service client. Plus d\u2019informations sur G&amp;C Colors Depuis notre cr\u00e9ation en 2000, G&amp;C Colors [&hellip;]\" \/>\n<meta property=\"og:url\" content=\"https:\/\/agvseries.com\/fr\/blog\/\" \/>\n<meta property=\"og:site_name\" content=\"AGV Series\" \/>\n<meta property=\"article:modified_time\" content=\"2025-11-20T12:23:23+00:00\" \/>\n<meta property=\"og:image\" content=\"https:\/\/agvseries.com\/wp-content\/uploads\/2025\/10\/sello_agv_logo_tansparante_1.webp\" \/>\n\t<meta property=\"og:image:width\" content=\"512\" \/>\n\t<meta property=\"og:image:height\" content=\"512\" \/>\n\t<meta property=\"og:image:type\" content=\"image\/webp\" \/>\n<meta name=\"twitter:card\" content=\"summary_large_image\" \/>\n<meta name=\"twitter:label1\" content=\"Dur\u00e9e de lecture estim\u00e9e\" \/>\n\t<meta name=\"twitter:data1\" content=\"1 minute\" \/>\n<script type=\"application\/ld+json\" class=\"yoast-schema-graph\">{\"@context\":\"https:\/\/schema.org\",\"@graph\":[{\"@type\":\"WebPage\",\"@id\":\"https:\/\/agvseries.com\/fr\/blog\/\",\"url\":\"https:\/\/agvseries.com\/fr\/blog\/\",\"name\":\"Blog - AGV Series\",\"isPartOf\":{\"@id\":\"https:\/\/agvseries.com\/fr\/#website\"},\"primaryImageOfPage\":{\"@id\":\"https:\/\/agvseries.com\/fr\/blog\/#primaryimage\"},\"image\":{\"@id\":\"https:\/\/agvseries.com\/fr\/blog\/#primaryimage\"},\"thumbnailUrl\":\"https:\/\/agvseries.com\/wp-content\/uploads\/2025\/10\/sello_agv_logo_tansparante_1.webp\",\"datePublished\":\"2025-10-31T09:17:22+00:00\",\"dateModified\":\"2025-11-20T12:23:23+00:00\",\"breadcrumb\":{\"@id\":\"https:\/\/agvseries.com\/fr\/blog\/#breadcrumb\"},\"inLanguage\":\"fr-FR\",\"potentialAction\":[{\"@type\":\"ReadAction\",\"target\":[\"https:\/\/agvseries.com\/fr\/blog\/\"]}]},{\"@type\":\"ImageObject\",\"inLanguage\":\"fr-FR\",\"@id\":\"https:\/\/agvseries.com\/fr\/blog\/#primaryimage\",\"url\":\"https:\/\/agvseries.com\/wp-content\/uploads\/2025\/10\/sello_agv_logo_tansparante_1.webp\",\"contentUrl\":\"https:\/\/agvseries.com\/wp-content\/uploads\/2025\/10\/sello_agv_logo_tansparante_1.webp\"},{\"@type\":\"BreadcrumbList\",\"@id\":\"https:\/\/agvseries.com\/fr\/blog\/#breadcrumb\",\"itemListElement\":[{\"@type\":\"ListItem\",\"position\":1,\"name\":\"Homepage\",\"item\":\"https:\/\/agvseries.com\/fr\/accueil\/\"},{\"@type\":\"ListItem\",\"position\":2,\"name\":\"Blog\"}]},{\"@type\":\"WebSite\",\"@id\":\"https:\/\/agvseries.com\/fr\/#website\",\"url\":\"https:\/\/agvseries.com\/fr\/\",\"name\":\"AGV Series\",\"description\":\"La esencia del color en tus manos. AGV Series es una gama de productos de G&amp;C Colors.\",\"publisher\":{\"@id\":\"https:\/\/agvseries.com\/fr\/#organization\"},\"potentialAction\":[{\"@type\":\"SearchAction\",\"target\":{\"@type\":\"EntryPoint\",\"urlTemplate\":\"https:\/\/agvseries.com\/fr\/?s={search_term_string}\"},\"query-input\":{\"@type\":\"PropertyValueSpecification\",\"valueRequired\":true,\"valueName\":\"search_term_string\"}}],\"inLanguage\":\"fr-FR\"},{\"@type\":\"Organization\",\"@id\":\"https:\/\/agvseries.com\/fr\/#organization\",\"name\":\"AGV Series\",\"url\":\"https:\/\/agvseries.com\/fr\/\",\"logo\":{\"@type\":\"ImageObject\",\"inLanguage\":\"fr-FR\",\"@id\":\"https:\/\/agvseries.com\/fr\/#\/schema\/logo\/image\/\",\"url\":\"https:\/\/agvseries.com\/wp-content\/uploads\/2025\/10\/sello_agv_logo_tansparante_1.webp\",\"contentUrl\":\"https:\/\/agvseries.com\/wp-content\/uploads\/2025\/10\/sello_agv_logo_tansparante_1.webp\",\"width\":512,\"height\":512,\"caption\":\"AGV Series\"},\"image\":{\"@id\":\"https:\/\/agvseries.com\/fr\/#\/schema\/logo\/image\/\"}}]}<\/script>\n<!-- \/ Yoast SEO plugin. -->","yoast_head_json":{"title":"Blog - AGV Series","robots":{"index":"index","follow":"follow","max-snippet":"max-snippet:-1","max-image-preview":"max-image-preview:large","max-video-preview":"max-video-preview:-1"},"canonical":"https:\/\/agvseries.com\/fr\/blog\/","og_locale":"fr_FR","og_type":"article","og_title":"Blog - AGV Series","og_description":"Ainsi, les marques Back to Basic, Microgiraltin, Incoral, Conesland et Versicrom font d\u00e9sormais partie de notre catalogue. Notre mission est d\u2019honorer cette histoire, en alliant tradition et exp\u00e9rience \u00e0 notre propre vision de l\u2019avenir, de l\u2019innovation et de l\u2019excellence dans le service client. Plus d\u2019informations sur G&amp;C Colors Depuis notre cr\u00e9ation en 2000, G&amp;C Colors [&hellip;]","og_url":"https:\/\/agvseries.com\/fr\/blog\/","og_site_name":"AGV Series","article_modified_time":"2025-11-20T12:23:23+00:00","og_image":[{"width":512,"height":512,"url":"https:\/\/agvseries.com\/wp-content\/uploads\/2025\/10\/sello_agv_logo_tansparante_1.webp","type":"image\/webp"}],"twitter_card":"summary_large_image","twitter_misc":{"Dur\u00e9e de lecture estim\u00e9e":"1 minute"},"schema":{"@context":"https:\/\/schema.org","@graph":[{"@type":"WebPage","@id":"https:\/\/agvseries.com\/fr\/blog\/","url":"https:\/\/agvseries.com\/fr\/blog\/","name":"Blog - AGV Series","isPartOf":{"@id":"https:\/\/agvseries.com\/fr\/#website"},"primaryImageOfPage":{"@id":"https:\/\/agvseries.com\/fr\/blog\/#primaryimage"},"image":{"@id":"https:\/\/agvseries.com\/fr\/blog\/#primaryimage"},"thumbnailUrl":"https:\/\/agvseries.com\/wp-content\/uploads\/2025\/10\/sello_agv_logo_tansparante_1.webp","datePublished":"2025-10-31T09:17:22+00:00","dateModified":"2025-11-20T12:23:23+00:00","breadcrumb":{"@id":"https:\/\/agvseries.com\/fr\/blog\/#breadcrumb"},"inLanguage":"fr-FR","potentialAction":[{"@type":"ReadAction","target":["https:\/\/agvseries.com\/fr\/blog\/"]}]},{"@type":"ImageObject","inLanguage":"fr-FR","@id":"https:\/\/agvseries.com\/fr\/blog\/#primaryimage","url":"https:\/\/agvseries.com\/wp-content\/uploads\/2025\/10\/sello_agv_logo_tansparante_1.webp","contentUrl":"https:\/\/agvseries.com\/wp-content\/uploads\/2025\/10\/sello_agv_logo_tansparante_1.webp"},{"@type":"BreadcrumbList","@id":"https:\/\/agvseries.com\/fr\/blog\/#breadcrumb","itemListElement":[{"@type":"ListItem","position":1,"name":"Homepage","item":"https:\/\/agvseries.com\/fr\/accueil\/"},{"@type":"ListItem","position":2,"name":"Blog"}]},{"@type":"WebSite","@id":"https:\/\/agvseries.com\/fr\/#website","url":"https:\/\/agvseries.com\/fr\/","name":"AGV Series","description":"La esencia del color en tus manos. AGV Series es una gama de productos de G&amp;C Colors.","publisher":{"@id":"https:\/\/agvseries.com\/fr\/#organization"},"potentialAction":[{"@type":"SearchAction","target":{"@type":"EntryPoint","urlTemplate":"https:\/\/agvseries.com\/fr\/?s={search_term_string}"},"query-input":{"@type":"PropertyValueSpecification","valueRequired":true,"valueName":"search_term_string"}}],"inLanguage":"fr-FR"},{"@type":"Organization","@id":"https:\/\/agvseries.com\/fr\/#organization","name":"AGV Series","url":"https:\/\/agvseries.com\/fr\/","logo":{"@type":"ImageObject","inLanguage":"fr-FR","@id":"https:\/\/agvseries.com\/fr\/#\/schema\/logo\/image\/","url":"https:\/\/agvseries.com\/wp-content\/uploads\/2025\/10\/sello_agv_logo_tansparante_1.webp","contentUrl":"https:\/\/agvseries.com\/wp-content\/uploads\/2025\/10\/sello_agv_logo_tansparante_1.webp","width":512,"height":512,"caption":"AGV Series"},"image":{"@id":"https:\/\/agvseries.com\/fr\/#\/schema\/logo\/image\/"}}]}},"_links":{"self":[{"href":"https:\/\/agvseries.com\/fr\/wp-json\/wp\/v2\/pages\/807","targetHints":{"allow":["GET"]}}],"collection":[{"href":"https:\/\/agvseries.com\/fr\/wp-json\/wp\/v2\/pages"}],"about":[{"href":"https:\/\/agvseries.com\/fr\/wp-json\/wp\/v2\/types\/page"}],"author":[{"embeddable":true,"href":"https:\/\/agvseries.com\/fr\/wp-json\/wp\/v2\/users\/1"}],"replies":[{"embeddable":true,"href":"https:\/\/agvseries.com\/fr\/wp-json\/wp\/v2\/comments?post=807"}],"version-history":[{"count":1,"href":"https:\/\/agvseries.com\/fr\/wp-json\/wp\/v2\/pages\/807\/revisions"}],"predecessor-version":[{"id":809,"href":"https:\/\/agvseries.com\/fr\/wp-json\/wp\/v2\/pages\/807\/revisions\/809"}],"wp:attachment":[{"href":"https:\/\/agvseries.com\/fr\/wp-json\/wp\/v2\/media?parent=807"}],"curies":[{"name":"wp","href":"https:\/\/api.w.org\/{rel}","templated":true}]}}