{"id":750,"date":"2025-11-10T13:49:21","date_gmt":"2025-11-10T12:49:21","guid":{"rendered":"https:\/\/agvseries.com\/incoral\/"},"modified":"2025-11-20T13:22:49","modified_gmt":"2025-11-20T12:22:49","slug":"incoral","status":"publish","type":"page","link":"https:\/\/agvseries.com\/fr\/incoral\/","title":{"rendered":"Incoral"},"content":{"rendered":"\t\t<div data-elementor-type=\"wp-post\" data-elementor-id=\"750\" class=\"elementor elementor-750 elementor-566\" data-elementor-post-type=\"page\">\n\t\t\t\t<div class=\"elementor-element elementor-element-9ea7f6d e-flex e-con-boxed e-con e-parent\" data-id=\"9ea7f6d\" data-element_type=\"container\" data-settings=\"{&quot;background_background&quot;:&quot;classic&quot;}\">\n\t\t\t\t\t<div class=\"e-con-inner\">\n\t\t\t\t<div class=\"elementor-element elementor-element-c2365b4 elementor-align-left elementor-hidden-mobile elementor-widget elementor-widget-breadcrumbs\" data-id=\"c2365b4\" data-element_type=\"widget\" data-widget_type=\"breadcrumbs.default\">\n\t\t\t\t\t<p id=\"breadcrumbs\"><span><span><a href=\"https:\/\/agvseries.com\/fr\/accueil\/\">Homepage<\/a><\/span><\/span><\/p>\t\t\t\t<\/div>\n\t\t\t\t\t<\/div>\n\t\t\t\t<\/div>\n\t\t<div class=\"elementor-element elementor-element-3c656a1 e-flex e-con-boxed e-con e-parent\" data-id=\"3c656a1\" data-element_type=\"container\" data-settings=\"{&quot;background_background&quot;:&quot;classic&quot;}\">\n\t\t\t\t\t<div class=\"e-con-inner\">\n\t\t<div class=\"elementor-element elementor-element-e24fc25 e-con-full e-flex e-con e-child\" data-id=\"e24fc25\" data-element_type=\"container\">\n\t\t<div class=\"elementor-element elementor-element-09e38fa e-con-full e-flex e-con e-child\" data-id=\"09e38fa\" data-element_type=\"container\">\n\t\t\t\t<div class=\"elementor-element elementor-element-3f46c8d animated-slow elementor-invisible elementor-widget elementor-widget-image\" data-id=\"3f46c8d\" data-element_type=\"widget\" data-settings=\"{&quot;_animation&quot;:&quot;fadeIn&quot;}\" data-widget_type=\"image.default\">\n\t\t\t\t\t\t\t\t\t\t\t\t\t\t\t<img decoding=\"async\" width=\"147\" height=\"110\" src=\"https:\/\/agvseries.com\/wp-content\/uploads\/2025\/10\/logo_incoral_1x.webp\" class=\"attachment-large size-large wp-image-659\" alt=\"\" \/>\t\t\t\t\t\t\t\t\t\t\t\t\t\t\t<\/div>\n\t\t\t\t<div class=\"elementor-element elementor-element-b1d479c elementor-widget elementor-widget-icon-box\" data-id=\"b1d479c\" data-element_type=\"widget\" data-widget_type=\"icon-box.default\">\n\t\t\t\t\t\t\t<div class=\"elementor-icon-box-wrapper\">\n\n\t\t\t\n\t\t\t\t\t\t<div class=\"elementor-icon-box-content\">\n\n\t\t\t\t\t\t\t\t\t<h3 class=\"elementor-icon-box-title\">\n\t\t\t\t\t\t<span  >\n\t\t\t\t\t\t\t<b>Formats disponibles :<\/b>\t\t\t\t\t\t<\/span>\n\t\t\t\t\t<\/h3>\n\t\t\t\t\n\t\t\t\t\t\t\t\t\t<p class=\"elementor-icon-box-description\">\n\t\t\t\t\t\t- Sacs : 1 kg<\/br>\n - Sacs : 25 kg\t\t\t\t\t<\/p>\n\t\t\t\t\n\t\t\t<\/div>\n\t\t\t\n\t\t<\/div>\n\t\t\t\t\t\t<\/div>\n\t\t\t\t<div class=\"elementor-element elementor-element-6fd5b88 elementor-align-justify elementor-widget elementor-widget-button\" data-id=\"6fd5b88\" data-element_type=\"widget\" data-widget_type=\"button.default\">\n\t\t\t\t\t\t\t\t\t\t<a class=\"elementor-button elementor-button-link elementor-size-sm\" href=\"https:\/\/agvseries.com\/documentacion\/\">\n\t\t\t\t\t\t<span class=\"elementor-button-content-wrapper\">\n\t\t\t\t\t\t<span class=\"elementor-button-icon\">\n\t\t\t\t<svg aria-hidden=\"true\" class=\"e-font-icon-svg e-fas-file-alt\" viewBox=\"0 0 384 512\" xmlns=\"http:\/\/www.w3.org\/2000\/svg\"><path d=\"M224 136V0H24C10.7 0 0 10.7 0 24v464c0 13.3 10.7 24 24 24h336c13.3 0 24-10.7 24-24V160H248c-13.2 0-24-10.8-24-24zm64 236c0 6.6-5.4 12-12 12H108c-6.6 0-12-5.4-12-12v-8c0-6.6 5.4-12 12-12h168c6.6 0 12 5.4 12 12v8zm0-64c0 6.6-5.4 12-12 12H108c-6.6 0-12-5.4-12-12v-8c0-6.6 5.4-12 12-12h168c6.6 0 12 5.4 12 12v8zm0-72v8c0 6.6-5.4 12-12 12H108c-6.6 0-12-5.4-12-12v-8c0-6.6 5.4-12 12-12h168c6.6 0 12 5.4 12 12zm96-114.1v6.1H256V0h6.1c6.4 0 12.5 2.5 17 7l97.9 98c4.5 4.5 7 10.6 7 16.9z\"><\/path><\/svg>\t\t\t<\/span>\n\t\t\t\t\t\t\t\t\t<span class=\"elementor-button-text\">Consultez la documentation produit<\/span>\n\t\t\t\t\t<\/span>\n\t\t\t\t\t<\/a>\n\t\t\t\t\t\t\t\t<\/div>\n\t\t\t\t<\/div>\n\t\t<div class=\"elementor-element elementor-element-39e3def e-con-full e-flex e-con e-child\" data-id=\"39e3def\" data-element_type=\"container\">\n\t\t\t\t<div class=\"elementor-element elementor-element-95e757d elementor-invisible elementor-widget elementor-widget-text-editor\" data-id=\"95e757d\" data-element_type=\"widget\" data-settings=\"{&quot;_animation&quot;:&quot;fadeInUp&quot;}\" data-widget_type=\"text-editor.default\">\n\t\t\t\t\t\t\t\t\t<p><strong>Ce sont des pr\u00e9parations pigmentaires en poudre \u00e0 base de certaines esp\u00e8ces de pigments organiques et d\u2019extenseurs.<\/strong>  C\u2019est l\u2019option la plus \u00e9conomique pour les pigments organiques et ils sont tr\u00e8s faciles \u00e0 manipuler.<\/p>\t\t\t\t\t\t\t\t<\/div>\n\t\t\t\t<\/div>\n\t\t\t\t<\/div>\n\t\t\t\t\t<\/div>\n\t\t\t\t<\/div>\n\t\t<div class=\"elementor-element elementor-element-75fb500 e-con-full e-flex e-con e-parent\" data-id=\"75fb500\" data-element_type=\"container\">\n\t\t\t\t<div class=\"elementor-element elementor-element-95e2890 elementor-widget elementor-widget-template\" data-id=\"95e2890\" data-element_type=\"widget\" data-widget_type=\"template.default\">\n\t\t\t\t<div class=\"elementor-widget-container\">\n\t\t\t\t\t\t\t<div class=\"elementor-template\">\n\t\t\t\t\t<div data-elementor-type=\"container\" data-elementor-id=\"727\" class=\"elementor elementor-727 elementor-375\" data-elementor-post-type=\"elementor_library\">\n\t\t\t\t<div class=\"elementor-element elementor-element-3ba402e0 e-flex e-con-boxed e-con e-parent\" data-id=\"3ba402e0\" data-element_type=\"container\" data-settings=\"{&quot;background_background&quot;:&quot;classic&quot;}\">\n\t\t\t\t\t<div class=\"e-con-inner\">\n\t\t<div class=\"elementor-element elementor-element-478e40d5 e-con-full e-flex elementor-invisible e-con e-child\" data-id=\"478e40d5\" data-element_type=\"container\" data-settings=\"{&quot;background_background&quot;:&quot;classic&quot;,&quot;animation&quot;:&quot;fadeIn&quot;}\">\n\t\t\t\t<div class=\"elementor-element elementor-element-6702b904 elementor-invisible elementor-widget elementor-widget-heading\" data-id=\"6702b904\" data-element_type=\"widget\" data-settings=\"{&quot;_animation&quot;:&quot;fadeInUp&quot;}\" data-widget_type=\"heading.default\">\n\t\t\t\t\t<h2 class=\"elementor-heading-title elementor-size-default\">Nous serons ravis de vous aider<\/h2>\t\t\t\t<\/div>\n\t\t\t\t<div class=\"elementor-element elementor-element-35628454 elementor-invisible elementor-widget elementor-widget-heading\" data-id=\"35628454\" data-element_type=\"widget\" data-settings=\"{&quot;_animation&quot;:&quot;fadeInUp&quot;}\" data-widget_type=\"heading.default\">\n\t\t\t\t\t<h2 class=\"elementor-heading-title elementor-size-default\">Contactez-nous<\/h2>\t\t\t\t<\/div>\n\t\t\t\t<div class=\"elementor-element elementor-element-282a87b7 elementor-invisible elementor-widget elementor-widget-text-editor\" data-id=\"282a87b7\" data-element_type=\"widget\" data-settings=\"{&quot;_animation&quot;:&quot;fadeInUp&quot;}\" data-widget_type=\"text-editor.default\">\n\t\t\t\t\t\t\t\t\t<p>Remplissez le formulaire suivant et nous vous contacterons dans les plus brefs d\u00e9lais, ou si vous pr\u00e9f\u00e9rez, appelez-nous par <span style=\"text-decoration: underline; color: #024def;\"><a style=\"color: #024def; text-decoration: underline;\" href=\"tel:+34968694899\">t\u00e9l\u00e9phone<\/a><\/span> et nous serons ravis de vous aider.<\/p>\t\t\t\t\t\t\t\t<\/div>\n\t\t\t\t<div class=\"elementor-element elementor-element-4be22426 elementor-button-align-end elementor-invisible elementor-widget elementor-widget-form\" data-id=\"4be22426\" data-element_type=\"widget\" data-settings=\"{&quot;step_next_label&quot;:&quot;SUIVANT&quot;,&quot;step_previous_label&quot;:&quot;PR\\u00c9C\\u00c9DENT&quot;,&quot;_animation&quot;:&quot;fadeIn&quot;,&quot;button_width&quot;:&quot;100&quot;,&quot;step_type&quot;:&quot;number_text&quot;,&quot;step_icon_shape&quot;:&quot;circle&quot;}\" data-widget_type=\"form.default\">\n\t\t\t\t\t\t\t<form class=\"elementor-form\" method=\"post\" name=\"Formulaire AGV\" aria-label=\"Formulaire AGV\">\n\t\t\t<input type=\"hidden\" name=\"post_id\" value=\"727\"\/>\n\t\t\t<input type=\"hidden\" name=\"form_id\" value=\"4be22426\"\/>\n\t\t\t<input type=\"hidden\" name=\"referer_title\" value=\"AGV Series - L&#039;essence de la couleur entre vos mains\" \/>\n\n\t\t\t\t\t\t\t<input type=\"hidden\" name=\"queried_id\" value=\"653\"\/>\n\t\t\t\n\t\t\t<div class=\"elementor-form-fields-wrapper elementor-labels-above\">\n\t\t\t\t\t\t\t\t<div class=\"elementor-field-type-text elementor-field-group elementor-column elementor-field-group-name elementor-col-100 elementor-field-required elementor-mark-required\">\n\t\t\t\t\t\t\t\t\t\t\t\t<label for=\"form-field-name\" class=\"elementor-field-label\">\n\t\t\t\t\t\t\t\tEntreprise\t\t\t\t\t\t\t<\/label>\n\t\t\t\t\t\t\t\t\t\t\t\t\t\t<input size=\"1\" type=\"text\" name=\"form_fields[name]\" id=\"form-field-name\" class=\"elementor-field elementor-size-md  elementor-field-textual\" placeholder=\"Nom de l\u2019entreprise\" required=\"required\">\n\t\t\t\t\t\t\t\t\t\t\t<\/div>\n\t\t\t\t\t\t\t\t<div class=\"elementor-field-type-number elementor-field-group elementor-column elementor-field-group-field_d7b05d1 elementor-col-100\">\n\t\t\t\t\t\t\t\t\t\t\t\t<label for=\"form-field-field_d7b05d1\" class=\"elementor-field-label\">\n\t\t\t\t\t\t\t\tCode postal\t\t\t\t\t\t\t<\/label>\n\t\t\t\t\t\t\t\t\t<input type=\"number\" name=\"form_fields[field_d7b05d1]\" id=\"form-field-field_d7b05d1\" class=\"elementor-field elementor-size-md  elementor-field-textual\" placeholder=\"Code postal\" min=\"\" max=\"\" >\n\t\t\t\t\t\t<\/div>\n\t\t\t\t\t\t\t\t<div class=\"elementor-field-type-text elementor-field-group elementor-column elementor-field-group-field_d8c7f2c elementor-col-100\">\n\t\t\t\t\t\t\t\t\t\t\t\t<label for=\"form-field-field_d8c7f2c\" class=\"elementor-field-label\">\n\t\t\t\t\t\t\t\tNom et pr\u00e9nom\t\t\t\t\t\t\t<\/label>\n\t\t\t\t\t\t\t\t\t\t\t\t\t\t<input size=\"1\" type=\"text\" name=\"form_fields[field_d8c7f2c]\" id=\"form-field-field_d8c7f2c\" class=\"elementor-field elementor-size-md  elementor-field-textual\" placeholder=\"Nom et pr\u00e9nom\">\n\t\t\t\t\t\t\t\t\t\t\t<\/div>\n\t\t\t\t\t\t\t\t<div class=\"elementor-field-type-text elementor-field-group elementor-column elementor-field-group-field_b65079f elementor-col-100\">\n\t\t\t\t\t\t\t\t\t\t\t\t<label for=\"form-field-field_b65079f\" class=\"elementor-field-label\">\n\t\t\t\t\t\t\t\tPays\t\t\t\t\t\t\t<\/label>\n\t\t\t\t\t\t\t\t\t\t\t\t\t\t<input size=\"1\" type=\"text\" name=\"form_fields[field_b65079f]\" id=\"form-field-field_b65079f\" class=\"elementor-field elementor-size-md  elementor-field-textual\" placeholder=\"Pays\">\n\t\t\t\t\t\t\t\t\t\t\t<\/div>\n\t\t\t\t\t\t\t\t<div class=\"elementor-field-type-email elementor-field-group elementor-column elementor-field-group-email elementor-col-100 elementor-field-required elementor-mark-required\">\n\t\t\t\t\t\t\t\t\t\t\t\t<label for=\"form-field-email\" class=\"elementor-field-label\">\n\t\t\t\t\t\t\t\tAdresse e-mail\t\t\t\t\t\t\t<\/label>\n\t\t\t\t\t\t\t\t\t\t\t\t\t\t<input size=\"1\" type=\"email\" name=\"form_fields[email]\" id=\"form-field-email\" class=\"elementor-field elementor-size-md  elementor-field-textual\" placeholder=\"Adresse e-mail valide\" required=\"required\">\n\t\t\t\t\t\t\t\t\t\t\t<\/div>\n\t\t\t\t\t\t\t\t<div class=\"elementor-field-type-tel elementor-field-group elementor-column elementor-field-group-field_513310b elementor-col-100 elementor-field-required elementor-mark-required\">\n\t\t\t\t\t\t\t\t\t\t\t\t<label for=\"form-field-field_513310b\" class=\"elementor-field-label\">\n\t\t\t\t\t\t\t\tT\u00e9l\u00e9phone\t\t\t\t\t\t\t<\/label>\n\t\t\t\t\t\t\t\t<input size=\"1\" type=\"tel\" name=\"form_fields[field_513310b]\" id=\"form-field-field_513310b\" class=\"elementor-field elementor-size-md  elementor-field-textual\" placeholder=\"Num\u00e9ro de t\u00e9l\u00e9phone valide\" required=\"required\" pattern=\"[0-9()#&amp;+*-=.]+\" title=\"Seuls les caract\u00e8res de num\u00e9ros de t\u00e9l\u00e9phone (#, -, *, etc.) sont accept\u00e9s.\">\n\n\t\t\t\t\t\t<\/div>\n\t\t\t\t\t\t\t\t<div class=\"elementor-field-type-textarea elementor-field-group elementor-column elementor-field-group-message elementor-col-100\">\n\t\t\t\t\t\t\t\t\t\t\t\t<label for=\"form-field-message\" class=\"elementor-field-label\">\n\t\t\t\t\t\t\t\tMessage\t\t\t\t\t\t\t<\/label>\n\t\t\t\t\t\t<textarea class=\"elementor-field-textual elementor-field  elementor-size-md\" name=\"form_fields[message]\" id=\"form-field-message\" rows=\"4\" placeholder=\"De quoi avez-vous besoin\u2026\"><\/textarea>\t\t\t\t<\/div>\n\t\t\t\t\t\t\t\t<div class=\"elementor-field-type-acceptance elementor-field-group elementor-column elementor-field-group-field_10ecca5 elementor-col-100 elementor-field-required elementor-mark-required\">\n\t\t\t\t\t\t\t<div class=\"elementor-field-subgroup\">\n\t\t\t<span class=\"elementor-field-option\">\n\t\t\t\t<input type=\"checkbox\" name=\"form_fields[field_10ecca5]\" id=\"form-field-field_10ecca5\" class=\"elementor-field elementor-size-md  elementor-acceptance-field\" required=\"required\">\n\t\t\t\t<label for=\"form-field-field_10ecca5\">J\u2019ai lu et j\u2019accepte la politique de confidentialit\u00e9.<\/label>\t\t\t<\/span>\n\t\t<\/div>\n\t\t\t\t\t\t<\/div>\n\t\t\t\t\t\t\t\t<div class=\"elementor-field-type-recaptcha_v3 elementor-field-group elementor-column elementor-field-group-field_800a95c elementor-col-100 recaptcha_v3-bottomright\">\n\t\t\t\t\t<div class=\"elementor-field\" id=\"form-field-field_800a95c\"><div class=\"elementor-g-recaptcha\" data-sitekey=\"6Ld9OBIsAAAAACy_9jW6EtbGcTZ5Q-SF2ibJyMgu\" data-type=\"v3\" data-action=\"Form\" data-badge=\"bottomright\" data-size=\"invisible\"><\/div><\/div>\t\t\t\t<\/div>\n\t\t\t\t\t\t\t\t<div class=\"elementor-field-group elementor-column elementor-field-type-submit elementor-col-100 e-form__buttons\">\n\t\t\t\t\t<button class=\"elementor-button elementor-size-sm\" type=\"submit\">\n\t\t\t\t\t\t<span class=\"elementor-button-content-wrapper\">\n\t\t\t\t\t\t\t\t\t\t\t\t\t\t\t\t\t\t\t\t\t\t<span class=\"elementor-button-text\">ENVOYER<\/span>\n\t\t\t\t\t\t\t\t\t\t\t\t\t<\/span>\n\t\t\t\t\t<\/button>\n\t\t\t\t<\/div>\n\t\t\t<\/div>\n\t\t<\/form>\n\t\t\t\t\t\t<\/div>\n\t\t\t\t<\/div>\n\t\t\t\t\t<\/div>\n\t\t\t\t<\/div>\n\t\t\t\t<\/div>\n\t\t\t\t<\/div>\n\t\t\t\t\t\t<\/div>\n\t\t\t\t<\/div>\n\t\t\t\t<\/div>\n\t\t\t\t<\/div>\n\t\t","protected":false},"excerpt":{"rendered":"<p>Ce sont des pr\u00e9parations pigmentaires en poudre \u00e0 base de certaines esp\u00e8ces de pigments organiques et d\u2019extenseurs. C\u2019est l\u2019option la plus \u00e9conomique pour les pigments organiques et ils sont tr\u00e8s faciles \u00e0 manipuler. <\/p>\n","protected":false},"author":1,"featured_media":0,"parent":0,"menu_order":0,"comment_status":"closed","ping_status":"closed","template":"elementor_header_footer","meta":{"footnotes":""},"class_list":["post-750","page","type-page","status-publish","hentry"],"yoast_head":"<!-- This site is optimized with the Yoast SEO plugin v26.4 - https:\/\/yoast.com\/wordpress\/plugins\/seo\/ -->\n<title>Incoral - AGV Series<\/title>\n<meta name=\"robots\" content=\"index, follow, max-snippet:-1, max-image-preview:large, max-video-preview:-1\" \/>\n<link rel=\"canonical\" href=\"https:\/\/agvseries.com\/fr\/incoral\/\" \/>\n<meta property=\"og:locale\" content=\"fr_FR\" \/>\n<meta property=\"og:type\" content=\"article\" \/>\n<meta property=\"og:title\" content=\"Incoral - AGV Series\" \/>\n<meta property=\"og:description\" content=\"Ce sont des pr\u00e9parations pigmentaires en poudre \u00e0 base de certaines esp\u00e8ces de pigments organiques et d\u2019extenseurs. C\u2019est l\u2019option la plus \u00e9conomique pour les pigments organiques et ils sont tr\u00e8s faciles \u00e0 manipuler.\" \/>\n<meta property=\"og:url\" content=\"https:\/\/agvseries.com\/fr\/incoral\/\" \/>\n<meta property=\"og:site_name\" content=\"AGV Series\" \/>\n<meta property=\"article:modified_time\" content=\"2025-11-20T12:22:49+00:00\" \/>\n<meta property=\"og:image\" content=\"https:\/\/agvseries.com\/wp-content\/uploads\/2025\/10\/logo_incoral_1x.webp\" \/>\n\t<meta property=\"og:image:width\" content=\"147\" \/>\n\t<meta property=\"og:image:height\" content=\"110\" \/>\n\t<meta property=\"og:image:type\" content=\"image\/webp\" \/>\n<meta name=\"twitter:card\" content=\"summary_large_image\" \/>\n<script type=\"application\/ld+json\" class=\"yoast-schema-graph\">{\"@context\":\"https:\/\/schema.org\",\"@graph\":[{\"@type\":\"WebPage\",\"@id\":\"https:\/\/agvseries.com\/fr\/incoral\/\",\"url\":\"https:\/\/agvseries.com\/fr\/incoral\/\",\"name\":\"Incoral - AGV Series\",\"isPartOf\":{\"@id\":\"https:\/\/agvseries.com\/fr\/#website\"},\"primaryImageOfPage\":{\"@id\":\"https:\/\/agvseries.com\/fr\/incoral\/#primaryimage\"},\"image\":{\"@id\":\"https:\/\/agvseries.com\/fr\/incoral\/#primaryimage\"},\"thumbnailUrl\":\"https:\/\/agvseries.com\/wp-content\/uploads\/2025\/10\/logo_incoral_1x.webp\",\"datePublished\":\"2025-11-10T12:49:21+00:00\",\"dateModified\":\"2025-11-20T12:22:49+00:00\",\"breadcrumb\":{\"@id\":\"https:\/\/agvseries.com\/fr\/incoral\/#breadcrumb\"},\"inLanguage\":\"fr-FR\",\"potentialAction\":[{\"@type\":\"ReadAction\",\"target\":[\"https:\/\/agvseries.com\/fr\/incoral\/\"]}]},{\"@type\":\"ImageObject\",\"inLanguage\":\"fr-FR\",\"@id\":\"https:\/\/agvseries.com\/fr\/incoral\/#primaryimage\",\"url\":\"https:\/\/agvseries.com\/wp-content\/uploads\/2025\/10\/logo_incoral_1x.webp\",\"contentUrl\":\"https:\/\/agvseries.com\/wp-content\/uploads\/2025\/10\/logo_incoral_1x.webp\"},{\"@type\":\"BreadcrumbList\",\"@id\":\"https:\/\/agvseries.com\/fr\/incoral\/#breadcrumb\",\"itemListElement\":[{\"@type\":\"ListItem\",\"position\":1,\"name\":\"Homepage\",\"item\":\"https:\/\/agvseries.com\/fr\/accueil\/\"},{\"@type\":\"ListItem\",\"position\":2,\"name\":\"Incoral\"}]},{\"@type\":\"WebSite\",\"@id\":\"https:\/\/agvseries.com\/fr\/#website\",\"url\":\"https:\/\/agvseries.com\/fr\/\",\"name\":\"AGV Series\",\"description\":\"La esencia del color en tus manos. AGV Series es una gama de productos de G&amp;C Colors.\",\"publisher\":{\"@id\":\"https:\/\/agvseries.com\/fr\/#organization\"},\"potentialAction\":[{\"@type\":\"SearchAction\",\"target\":{\"@type\":\"EntryPoint\",\"urlTemplate\":\"https:\/\/agvseries.com\/fr\/?s={search_term_string}\"},\"query-input\":{\"@type\":\"PropertyValueSpecification\",\"valueRequired\":true,\"valueName\":\"search_term_string\"}}],\"inLanguage\":\"fr-FR\"},{\"@type\":\"Organization\",\"@id\":\"https:\/\/agvseries.com\/fr\/#organization\",\"name\":\"AGV Series\",\"url\":\"https:\/\/agvseries.com\/fr\/\",\"logo\":{\"@type\":\"ImageObject\",\"inLanguage\":\"fr-FR\",\"@id\":\"https:\/\/agvseries.com\/fr\/#\/schema\/logo\/image\/\",\"url\":\"https:\/\/agvseries.com\/wp-content\/uploads\/2025\/10\/sello_agv_logo_tansparante_1.webp\",\"contentUrl\":\"https:\/\/agvseries.com\/wp-content\/uploads\/2025\/10\/sello_agv_logo_tansparante_1.webp\",\"width\":512,\"height\":512,\"caption\":\"AGV Series\"},\"image\":{\"@id\":\"https:\/\/agvseries.com\/fr\/#\/schema\/logo\/image\/\"}}]}<\/script>\n<!-- \/ Yoast SEO plugin. -->","yoast_head_json":{"title":"Incoral - AGV Series","robots":{"index":"index","follow":"follow","max-snippet":"max-snippet:-1","max-image-preview":"max-image-preview:large","max-video-preview":"max-video-preview:-1"},"canonical":"https:\/\/agvseries.com\/fr\/incoral\/","og_locale":"fr_FR","og_type":"article","og_title":"Incoral - AGV Series","og_description":"Ce sont des pr\u00e9parations pigmentaires en poudre \u00e0 base de certaines esp\u00e8ces de pigments organiques et d\u2019extenseurs. C\u2019est l\u2019option la plus \u00e9conomique pour les pigments organiques et ils sont tr\u00e8s faciles \u00e0 manipuler.","og_url":"https:\/\/agvseries.com\/fr\/incoral\/","og_site_name":"AGV Series","article_modified_time":"2025-11-20T12:22:49+00:00","og_image":[{"width":147,"height":110,"url":"https:\/\/agvseries.com\/wp-content\/uploads\/2025\/10\/logo_incoral_1x.webp","type":"image\/webp"}],"twitter_card":"summary_large_image","schema":{"@context":"https:\/\/schema.org","@graph":[{"@type":"WebPage","@id":"https:\/\/agvseries.com\/fr\/incoral\/","url":"https:\/\/agvseries.com\/fr\/incoral\/","name":"Incoral - AGV Series","isPartOf":{"@id":"https:\/\/agvseries.com\/fr\/#website"},"primaryImageOfPage":{"@id":"https:\/\/agvseries.com\/fr\/incoral\/#primaryimage"},"image":{"@id":"https:\/\/agvseries.com\/fr\/incoral\/#primaryimage"},"thumbnailUrl":"https:\/\/agvseries.com\/wp-content\/uploads\/2025\/10\/logo_incoral_1x.webp","datePublished":"2025-11-10T12:49:21+00:00","dateModified":"2025-11-20T12:22:49+00:00","breadcrumb":{"@id":"https:\/\/agvseries.com\/fr\/incoral\/#breadcrumb"},"inLanguage":"fr-FR","potentialAction":[{"@type":"ReadAction","target":["https:\/\/agvseries.com\/fr\/incoral\/"]}]},{"@type":"ImageObject","inLanguage":"fr-FR","@id":"https:\/\/agvseries.com\/fr\/incoral\/#primaryimage","url":"https:\/\/agvseries.com\/wp-content\/uploads\/2025\/10\/logo_incoral_1x.webp","contentUrl":"https:\/\/agvseries.com\/wp-content\/uploads\/2025\/10\/logo_incoral_1x.webp"},{"@type":"BreadcrumbList","@id":"https:\/\/agvseries.com\/fr\/incoral\/#breadcrumb","itemListElement":[{"@type":"ListItem","position":1,"name":"Homepage","item":"https:\/\/agvseries.com\/fr\/accueil\/"},{"@type":"ListItem","position":2,"name":"Incoral"}]},{"@type":"WebSite","@id":"https:\/\/agvseries.com\/fr\/#website","url":"https:\/\/agvseries.com\/fr\/","name":"AGV Series","description":"La esencia del color en tus manos. AGV Series es una gama de productos de G&amp;C Colors.","publisher":{"@id":"https:\/\/agvseries.com\/fr\/#organization"},"potentialAction":[{"@type":"SearchAction","target":{"@type":"EntryPoint","urlTemplate":"https:\/\/agvseries.com\/fr\/?s={search_term_string}"},"query-input":{"@type":"PropertyValueSpecification","valueRequired":true,"valueName":"search_term_string"}}],"inLanguage":"fr-FR"},{"@type":"Organization","@id":"https:\/\/agvseries.com\/fr\/#organization","name":"AGV Series","url":"https:\/\/agvseries.com\/fr\/","logo":{"@type":"ImageObject","inLanguage":"fr-FR","@id":"https:\/\/agvseries.com\/fr\/#\/schema\/logo\/image\/","url":"https:\/\/agvseries.com\/wp-content\/uploads\/2025\/10\/sello_agv_logo_tansparante_1.webp","contentUrl":"https:\/\/agvseries.com\/wp-content\/uploads\/2025\/10\/sello_agv_logo_tansparante_1.webp","width":512,"height":512,"caption":"AGV Series"},"image":{"@id":"https:\/\/agvseries.com\/fr\/#\/schema\/logo\/image\/"}}]}},"_links":{"self":[{"href":"https:\/\/agvseries.com\/fr\/wp-json\/wp\/v2\/pages\/750","targetHints":{"allow":["GET"]}}],"collection":[{"href":"https:\/\/agvseries.com\/fr\/wp-json\/wp\/v2\/pages"}],"about":[{"href":"https:\/\/agvseries.com\/fr\/wp-json\/wp\/v2\/types\/page"}],"author":[{"embeddable":true,"href":"https:\/\/agvseries.com\/fr\/wp-json\/wp\/v2\/users\/1"}],"replies":[{"embeddable":true,"href":"https:\/\/agvseries.com\/fr\/wp-json\/wp\/v2\/comments?post=750"}],"version-history":[{"count":1,"href":"https:\/\/agvseries.com\/fr\/wp-json\/wp\/v2\/pages\/750\/revisions"}],"predecessor-version":[{"id":752,"href":"https:\/\/agvseries.com\/fr\/wp-json\/wp\/v2\/pages\/750\/revisions\/752"}],"wp:attachment":[{"href":"https:\/\/agvseries.com\/fr\/wp-json\/wp\/v2\/media?parent=750"}],"curies":[{"name":"wp","href":"https:\/\/api.w.org\/{rel}","templated":true}]}}